{"id":1345,"date":"2025-02-26T09:31:22","date_gmt":"2025-02-26T09:31:22","guid":{"rendered":"https:\/\/www.oscarcolomes.cat\/producto\/panot-four-tiles-and-circles-5\/"},"modified":"2025-04-15T16:55:43","modified_gmt":"2025-04-15T16:55:43","slug":"panot-four-tiles-and-circles-5","status":"publish","type":"product","link":"https:\/\/www.marbellaart.cat\/es\/producto\/panot-four-tiles-and-circles-5\/","title":{"rendered":"tauleta panot"},"content":{"rendered":"<p>El Panot original de Barcelona, \u200b\u200bextra\u00eddo de las aguas costeras, luce el atemporal grabado Tauleta con c\u00edrculos interiores. Las esquinas presentan un desgaste visible debido al tiempo y la exposici\u00f3n. <\/p>\n<p>Cada pieza es \u00fanica. Las im\u00e1genes son solo una referencia de tono y color, pero se garantiza la autenticidad de cada pieza. <\/p>\n","protected":false},"excerpt":{"rendered":"<p>El Panot original de Barcelona, \u200b\u200bextra\u00eddo de las aguas costeras, luce el atemporal grabado Tauleta con c\u00edrculos interiores. Las esquinas presentan un desgaste visible debido al tiempo y la exposici\u00f3n. Cada pieza es \u00fanica. Las im\u00e1genes son solo una referencia de tono y color, pero se garantiza la autenticidad de cada pieza.<\/p>\n","protected":false},"featured_media":1217,"comment_status":"closed","ping_status":"closed","template":"","meta":{"_acf_changed":false},"product_brand":[],"product_cat":[48],"product_tag":[],"class_list":{"0":"post-1345","1":"product","2":"type-product","3":"status-publish","4":"has-post-thumbnail","6":"product_cat-panots-es","8":"first","9":"instock","10":"virtual","11":"product-type-simple"},"acf":[],"yoast_head":"<!-- This site is optimized with the Yoast SEO plugin v27.5 - https:\/\/yoast.com\/product\/yoast-seo-wordpress\/ -->\n<title>tauleta panot - Mar bella Art<\/title>\n<meta name=\"robots\" content=\"noindex, follow, max-snippet:-1, max-image-preview:large, max-video-preview:-1\" \/>\n<meta property=\"og:locale\" content=\"es_ES\" \/>\n<meta property=\"og:type\" content=\"article\" \/>\n<meta property=\"og:title\" content=\"tauleta panot - Mar bella Art\" \/>\n<meta property=\"og:description\" content=\"El Panot original de Barcelona, \u200b\u200bextra\u00eddo de las aguas costeras, luce el atemporal grabado Tauleta con c\u00edrculos interiores. Las esquinas presentan un desgaste visible debido al tiempo y la exposici\u00f3n. Cada pieza es \u00fanica. Las im\u00e1genes son solo una referencia de tono y color, pero se garantiza la autenticidad de cada pieza.\" \/>\n<meta property=\"og:url\" content=\"https:\/\/www.marbellaart.cat\/es\/producto\/panot-four-tiles-and-circles-5\/\" \/>\n<meta property=\"og:site_name\" content=\"Mar bella Art\" \/>\n<meta property=\"article:modified_time\" content=\"2025-04-15T16:55:43+00:00\" \/>\n<meta property=\"og:image\" content=\"https:\/\/www.marbellaart.cat\/wp-content\/uploads\/2025\/02\/CERCLES-07.png\" \/>\n\t<meta property=\"og:image:width\" content=\"981\" \/>\n\t<meta property=\"og:image:height\" content=\"916\" \/>\n\t<meta property=\"og:image:type\" content=\"image\/png\" \/>\n<meta name=\"twitter:card\" content=\"summary_large_image\" \/>\n<script type=\"application\/ld+json\" class=\"yoast-schema-graph\">{\"@context\":\"https:\\\/\\\/schema.org\",\"@graph\":[{\"@type\":\"WebPage\",\"@id\":\"https:\\\/\\\/www.marbellaart.cat\\\/es\\\/producto\\\/panot-four-tiles-and-circles-5\\\/\",\"url\":\"https:\\\/\\\/www.marbellaart.cat\\\/es\\\/producto\\\/panot-four-tiles-and-circles-5\\\/\",\"name\":\"tauleta panot - Mar bella Art\",\"isPartOf\":{\"@id\":\"https:\\\/\\\/www.marbellaart.cat\\\/#website\"},\"primaryImageOfPage\":{\"@id\":\"https:\\\/\\\/www.marbellaart.cat\\\/es\\\/producto\\\/panot-four-tiles-and-circles-5\\\/#primaryimage\"},\"image\":{\"@id\":\"https:\\\/\\\/www.marbellaart.cat\\\/es\\\/producto\\\/panot-four-tiles-and-circles-5\\\/#primaryimage\"},\"thumbnailUrl\":\"https:\\\/\\\/www.marbellaart.cat\\\/wp-content\\\/uploads\\\/2025\\\/02\\\/CERCLES-07.png\",\"datePublished\":\"2025-02-26T09:31:22+00:00\",\"dateModified\":\"2025-04-15T16:55:43+00:00\",\"breadcrumb\":{\"@id\":\"https:\\\/\\\/www.marbellaart.cat\\\/es\\\/producto\\\/panot-four-tiles-and-circles-5\\\/#breadcrumb\"},\"inLanguage\":\"es\",\"potentialAction\":[{\"@type\":\"ReadAction\",\"target\":[\"https:\\\/\\\/www.marbellaart.cat\\\/es\\\/producto\\\/panot-four-tiles-and-circles-5\\\/\"]}]},{\"@type\":\"ImageObject\",\"inLanguage\":\"es\",\"@id\":\"https:\\\/\\\/www.marbellaart.cat\\\/es\\\/producto\\\/panot-four-tiles-and-circles-5\\\/#primaryimage\",\"url\":\"https:\\\/\\\/www.marbellaart.cat\\\/wp-content\\\/uploads\\\/2025\\\/02\\\/CERCLES-07.png\",\"contentUrl\":\"https:\\\/\\\/www.marbellaart.cat\\\/wp-content\\\/uploads\\\/2025\\\/02\\\/CERCLES-07.png\",\"width\":981,\"height\":916},{\"@type\":\"BreadcrumbList\",\"@id\":\"https:\\\/\\\/www.marbellaart.cat\\\/es\\\/producto\\\/panot-four-tiles-and-circles-5\\\/#breadcrumb\",\"itemListElement\":[{\"@type\":\"ListItem\",\"position\":1,\"name\":\"Portada\",\"item\":\"https:\\\/\\\/www.marbellaart.cat\\\/es\\\/\"},{\"@type\":\"ListItem\",\"position\":2,\"name\":\"Tienda\",\"item\":\"https:\\\/\\\/www.marbellaart.cat\\\/es\\\/tienda\\\/\"},{\"@type\":\"ListItem\",\"position\":3,\"name\":\"tauleta panot\"}]},{\"@type\":\"WebSite\",\"@id\":\"https:\\\/\\\/www.marbellaart.cat\\\/#website\",\"url\":\"https:\\\/\\\/www.marbellaart.cat\\\/\",\"name\":\"Mar bella Art\",\"description\":\"Mar Bella Art works with unique pieces called \u201cPANOTS DE BARCELONA,\u201d the tiles that pave the streets of Barcelona.\",\"publisher\":{\"@id\":\"https:\\\/\\\/www.marbellaart.cat\\\/#organization\"},\"potentialAction\":[{\"@type\":\"SearchAction\",\"target\":{\"@type\":\"EntryPoint\",\"urlTemplate\":\"https:\\\/\\\/www.marbellaart.cat\\\/?s={search_term_string}\"},\"query-input\":{\"@type\":\"PropertyValueSpecification\",\"valueRequired\":true,\"valueName\":\"search_term_string\"}}],\"inLanguage\":\"es\"},{\"@type\":\"Organization\",\"@id\":\"https:\\\/\\\/www.marbellaart.cat\\\/#organization\",\"name\":\"Mar bella Art\",\"url\":\"https:\\\/\\\/www.marbellaart.cat\\\/\",\"logo\":{\"@type\":\"ImageObject\",\"inLanguage\":\"es\",\"@id\":\"https:\\\/\\\/www.marbellaart.cat\\\/#\\\/schema\\\/logo\\\/image\\\/\",\"url\":\"https:\\\/\\\/www.marbellaart.cat\\\/wp-content\\\/uploads\\\/2024\\\/11\\\/file_00000000e60471f4989719b9d708ec96.png\",\"contentUrl\":\"https:\\\/\\\/www.marbellaart.cat\\\/wp-content\\\/uploads\\\/2024\\\/11\\\/file_00000000e60471f4989719b9d708ec96.png\",\"width\":1536,\"height\":779,\"caption\":\"Mar bella Art\"},\"image\":{\"@id\":\"https:\\\/\\\/www.marbellaart.cat\\\/#\\\/schema\\\/logo\\\/image\\\/\"}}]}<\/script>\n<!-- \/ Yoast SEO plugin. -->","yoast_head_json":{"title":"tauleta panot - Mar bella Art","robots":{"index":"noindex","follow":"follow","max-snippet":"max-snippet:-1","max-image-preview":"max-image-preview:large","max-video-preview":"max-video-preview:-1"},"og_locale":"es_ES","og_type":"article","og_title":"tauleta panot - Mar bella Art","og_description":"El Panot original de Barcelona, \u200b\u200bextra\u00eddo de las aguas costeras, luce el atemporal grabado Tauleta con c\u00edrculos interiores. Las esquinas presentan un desgaste visible debido al tiempo y la exposici\u00f3n. Cada pieza es \u00fanica. Las im\u00e1genes son solo una referencia de tono y color, pero se garantiza la autenticidad de cada pieza.","og_url":"https:\/\/www.marbellaart.cat\/es\/producto\/panot-four-tiles-and-circles-5\/","og_site_name":"Mar bella Art","article_modified_time":"2025-04-15T16:55:43+00:00","og_image":[{"width":981,"height":916,"url":"https:\/\/www.marbellaart.cat\/wp-content\/uploads\/2025\/02\/CERCLES-07.png","type":"image\/png"}],"twitter_card":"summary_large_image","schema":{"@context":"https:\/\/schema.org","@graph":[{"@type":"WebPage","@id":"https:\/\/www.marbellaart.cat\/es\/producto\/panot-four-tiles-and-circles-5\/","url":"https:\/\/www.marbellaart.cat\/es\/producto\/panot-four-tiles-and-circles-5\/","name":"tauleta panot - Mar bella Art","isPartOf":{"@id":"https:\/\/www.marbellaart.cat\/#website"},"primaryImageOfPage":{"@id":"https:\/\/www.marbellaart.cat\/es\/producto\/panot-four-tiles-and-circles-5\/#primaryimage"},"image":{"@id":"https:\/\/www.marbellaart.cat\/es\/producto\/panot-four-tiles-and-circles-5\/#primaryimage"},"thumbnailUrl":"https:\/\/www.marbellaart.cat\/wp-content\/uploads\/2025\/02\/CERCLES-07.png","datePublished":"2025-02-26T09:31:22+00:00","dateModified":"2025-04-15T16:55:43+00:00","breadcrumb":{"@id":"https:\/\/www.marbellaart.cat\/es\/producto\/panot-four-tiles-and-circles-5\/#breadcrumb"},"inLanguage":"es","potentialAction":[{"@type":"ReadAction","target":["https:\/\/www.marbellaart.cat\/es\/producto\/panot-four-tiles-and-circles-5\/"]}]},{"@type":"ImageObject","inLanguage":"es","@id":"https:\/\/www.marbellaart.cat\/es\/producto\/panot-four-tiles-and-circles-5\/#primaryimage","url":"https:\/\/www.marbellaart.cat\/wp-content\/uploads\/2025\/02\/CERCLES-07.png","contentUrl":"https:\/\/www.marbellaart.cat\/wp-content\/uploads\/2025\/02\/CERCLES-07.png","width":981,"height":916},{"@type":"BreadcrumbList","@id":"https:\/\/www.marbellaart.cat\/es\/producto\/panot-four-tiles-and-circles-5\/#breadcrumb","itemListElement":[{"@type":"ListItem","position":1,"name":"Portada","item":"https:\/\/www.marbellaart.cat\/es\/"},{"@type":"ListItem","position":2,"name":"Tienda","item":"https:\/\/www.marbellaart.cat\/es\/tienda\/"},{"@type":"ListItem","position":3,"name":"tauleta panot"}]},{"@type":"WebSite","@id":"https:\/\/www.marbellaart.cat\/#website","url":"https:\/\/www.marbellaart.cat\/","name":"Mar bella Art","description":"Mar Bella Art works with unique pieces called \u201cPANOTS DE BARCELONA,\u201d the tiles that pave the streets of Barcelona.","publisher":{"@id":"https:\/\/www.marbellaart.cat\/#organization"},"potentialAction":[{"@type":"SearchAction","target":{"@type":"EntryPoint","urlTemplate":"https:\/\/www.marbellaart.cat\/?s={search_term_string}"},"query-input":{"@type":"PropertyValueSpecification","valueRequired":true,"valueName":"search_term_string"}}],"inLanguage":"es"},{"@type":"Organization","@id":"https:\/\/www.marbellaart.cat\/#organization","name":"Mar bella Art","url":"https:\/\/www.marbellaart.cat\/","logo":{"@type":"ImageObject","inLanguage":"es","@id":"https:\/\/www.marbellaart.cat\/#\/schema\/logo\/image\/","url":"https:\/\/www.marbellaart.cat\/wp-content\/uploads\/2024\/11\/file_00000000e60471f4989719b9d708ec96.png","contentUrl":"https:\/\/www.marbellaart.cat\/wp-content\/uploads\/2024\/11\/file_00000000e60471f4989719b9d708ec96.png","width":1536,"height":779,"caption":"Mar bella Art"},"image":{"@id":"https:\/\/www.marbellaart.cat\/#\/schema\/logo\/image\/"}}]}},"_links":{"self":[{"href":"https:\/\/www.marbellaart.cat\/es\/wp-json\/wp\/v2\/product\/1345","targetHints":{"allow":["GET"]}}],"collection":[{"href":"https:\/\/www.marbellaart.cat\/es\/wp-json\/wp\/v2\/product"}],"about":[{"href":"https:\/\/www.marbellaart.cat\/es\/wp-json\/wp\/v2\/types\/product"}],"replies":[{"embeddable":true,"href":"https:\/\/www.marbellaart.cat\/es\/wp-json\/wp\/v2\/comments?post=1345"}],"wp:featuredmedia":[{"embeddable":true,"href":"https:\/\/www.marbellaart.cat\/es\/wp-json\/wp\/v2\/media\/1217"}],"wp:attachment":[{"href":"https:\/\/www.marbellaart.cat\/es\/wp-json\/wp\/v2\/media?parent=1345"}],"wp:term":[{"taxonomy":"product_brand","embeddable":true,"href":"https:\/\/www.marbellaart.cat\/es\/wp-json\/wp\/v2\/product_brand?post=1345"},{"taxonomy":"product_cat","embeddable":true,"href":"https:\/\/www.marbellaart.cat\/es\/wp-json\/wp\/v2\/product_cat?post=1345"},{"taxonomy":"product_tag","embeddable":true,"href":"https:\/\/www.marbellaart.cat\/es\/wp-json\/wp\/v2\/product_tag?post=1345"}],"curies":[{"name":"wp","href":"https:\/\/api.w.org\/{rel}","templated":true}]}}