{"id":1304,"date":"2024-11-07T11:46:00","date_gmt":"2024-11-07T11:46:00","guid":{"rendered":"https:\/\/www.oscarcolomes.cat\/aviso-legal\/"},"modified":"2025-11-19T15:52:28","modified_gmt":"2025-11-19T15:52:28","slug":"aviso-legal","status":"publish","type":"page","link":"https:\/\/www.marbellaart.cat\/es\/aviso-legal\/","title":{"rendered":"Aviso legal"},"content":{"rendered":"\t\t<div data-elementor-type=\"wp-page\" data-elementor-id=\"1304\" class=\"elementor elementor-1304 elementor-551\" data-elementor-post-type=\"page\">\n\t\t\t\t<div class=\"elementor-element elementor-element-64f472e6 e-flex e-con-boxed e-con e-parent\" data-id=\"64f472e6\" data-element_type=\"container\" data-e-type=\"container\">\n\t\t\t\t\t<div class=\"e-con-inner\">\n\t\t\t\t<div class=\"elementor-element elementor-element-2a91a9e elementor-invisible elementor-widget elementor-widget-heading\" data-id=\"2a91a9e\" data-element_type=\"widget\" data-e-type=\"widget\" data-settings=\"{&quot;_animation&quot;:&quot;fadeInDown&quot;}\" data-widget_type=\"heading.default\">\n\t\t\t\t<div class=\"elementor-widget-container\">\n\t\t\t\t\t<h1 class=\"elementor-heading-title elementor-size-default\">Aviso legal<\/h1>\t\t\t\t<\/div>\n\t\t\t\t<\/div>\n\t\t\t\t<div class=\"elementor-element elementor-element-b5da64f elementor-widget-divider--view-line elementor-invisible elementor-widget elementor-widget-divider\" data-id=\"b5da64f\" data-element_type=\"widget\" data-e-type=\"widget\" data-settings=\"{&quot;_animation&quot;:&quot;fadeInUp&quot;}\" data-widget_type=\"divider.default\">\n\t\t\t\t<div class=\"elementor-widget-container\">\n\t\t\t\t\t\t\t<div class=\"elementor-divider\">\n\t\t\t<span class=\"elementor-divider-separator\">\n\t\t\t\t\t\t<\/span>\n\t\t<\/div>\n\t\t\t\t\t\t<\/div>\n\t\t\t\t<\/div>\n\t\t\t\t<div class=\"elementor-element elementor-element-6d11c6b1 elementor-widget elementor-widget-text-editor\" data-id=\"6d11c6b1\" data-element_type=\"widget\" data-e-type=\"widget\" data-widget_type=\"text-editor.default\">\n\t\t\t\t<div class=\"elementor-widget-container\">\n\t\t\t\t\t\t\t\t\t<p style=\"font-weight: 400;\"><strong>www.marbellaart.cat<\/strong><\/p>\n\n<h1>I. INFORMACIO\u0301N GENERAL<\/h1>\n<p style=\"font-weight: 400;\">En cumplimiento con el deber de informacio\u0301n dispuesto en la Ley 34\/2002 de Servicios de la Sociedad de la Informacio\u0301n y el Comercio Electro\u0301nico (LSSI-CE) de 11 de julio, se facilitan a continuacio\u0301n los siguientes datos de informacio\u0301n general de este sitio web:<\/p>\n<p style=\"font-weight: 400;\">La titularidad de este sitio web, https:\/\/www.marbellaart.cat, (en adelante, Sitio Web) corresponde a: Oscar Colom\u00e9s Santiberi, con NIF: 46053493H, y cuyos datos de contacto son:<\/p>\n<p style=\"font-weight: 400;\">Direccio\u0301n: Gran Via de les Corts Catalanes 984, 08018 Barcelona<\/p>\n<p style=\"font-weight: 400;\">Tele\u0301fono de contacto: 665122494<\/p>\n<p style=\"font-weight: 400;\">Email de contacto: santiberi@yahoo.es<\/p>\n\n<h1>II. TE\u0301RMINOS Y CONDICIONES GENERALES DE USO <\/h1>\n<h2>El objeto de las condiciones: El Sitio Web<\/h2>\n<p style=\"font-weight: 400;\">Las presentes Condiciones Generales de Uso (en adelante, Condiciones) tienen por objeto regular el acceso y uso del Sitio Web. A los efectos de las presentes Condiciones, se entender\u00e1 por Sitio Web <\/p>\n<p style=\"font-weight: 400;\">como: el aspecto externo de las interfaces de pantalla, tanto est\u00e1tica como din\u00e1micamente, es decir, el<\/p>\n<p style=\"font-weight: 400;\">el a\u0301rbol de navegacio\u0301n; y todos los elementos integrados tanto en los interfaces de pantalla como en el a\u0301rbol de navegacio\u0301n (en adelante, Contenidos) y todos aquellos servicios o recursos en li\u0301nea que en su caso ofrezca a los Usuarios (en adelante, Servicios).<\/p>\n<p style=\"font-weight: 400;\">Oscar Colom\u00e9s se reserva la facultad de modificar, en cualquier momento, y sin aviso previo, la presentaci\u00f3n y configuraci\u00f3n del Sitio Web y de los Contenidos y Servicios que en \u00e9l pudieran estar incorporados. El Usuario reconoce y acepta que Oscar Colom\u00e9s podr\u00e1 interrumpir, desactivar y\/o cancelar en cualquier momento <\/p>\n<p style=\"font-weight: 400;\">cualquiera de estos elementos que se integran en el Sitio Web o el acceso a los mismos.<\/p>\n<p style=\"font-weight: 400;\">El acceso al Sitio Web por el Usuario tiene cara\u0301cter libre y, por regla general, es gratuito sin que el Usuario tenga que proporcionar una contraprestacio\u0301n para poder disfrutar de ello, salvo en lo relativo al coste de conexio\u0301n a trave\u0301s de la red de telecomunicaciones suministrada por el proveedor de acceso que hubiere contratado el Usuario.<\/p>\n<p style=\"font-weight: 400;\">La utilizacio\u0301n de alguno de los Contenidos o Servicios del Sitio Web podra\u0301 hacerse mediante la suscripcio\u0301n o registro previo del Usuario.<\/p>\n\n<h2>El Usuario<\/h2>\n<p style=\"font-weight: 400;\">El acceso, la navegacio\u0301n y uso del Sitio Web, confiere la condicio\u0301n de Usuario, por lo que se aceptan, desde que se inicia la navegacio\u0301n por el Sitio Web, todas las Condiciones aqui\u0301 establecidas, asi\u0301 como sus ulteriores modificaciones, sin perjuicio de la aplicacio\u0301n de la correspondiente normativa legal de obligado cumplimiento segu\u0301n el caso. Dada la relevancia de lo anterior, se recomienda al Usuario leerlas cada vez que visite el Sitio Web. <\/p>\n<p style=\"font-weight: 400;\">El Sitio Web de Oscar Colome\u0301s, Mar Bella Artist proporciona gran diversidad de informacio\u0301n, servicios y datos. El Usuario asume su responsabilidad para realizar un uso correcto del Sitio Web. <\/p>\n<p style=\"font-weight: 400;\">Esta responsabilidad se extendera\u0301 a:<\/p>\n\n<ul>\n \t<li>Un uso de la informaci\u00f3n, Contenidos y\/o Servicios y datos ofrecidos por Oscar Colom\u00e9s que no sea contrario a lo dispuesto por las presentes Condiciones, la Ley, la moral o el orden p\u00fablico, o que de cualquier otro modo puedan suponer lesi\u00f3n de los derechos de terceros o del mismo funcionamiento del Sitio Web<\/li>\n \t<li>La veracidad y licitud de las informaciones aportadas por el Usuario en los formularios extendidos por Oscar Colome\u0301s, Mar Bella Artist para el acceso a ciertos Contenidos o Servicios ofrecidos por el Sitio Web. En todo caso, el Usuario notificara\u0301 de forma inmediata a Oscar Colome\u0301s, Mar Bella Artist acerca de cualquier hecho que permita el uso indebido de la informacio\u0301n registrada en dichos formularios, tales como, pero no solo, el robo, extravi\u0301o, o el acceso no autorizado a identificadores y\/o contrasen\u0303as, con el fin de proceder a su inmediata cancelacio\u0301n.<\/li>\n<\/ul>\n<p style=\"font-weight: 400;\">El mero acceso a este Sitio Web no supone entablar ningu\u0301n tipo de relacio\u0301n de cara\u0301cter comercial entre Oscar Colome\u0301s, Mar Bella Artist y el Usuario.<\/p>\n<p style=\"font-weight: 400;\">Siempre en el respeto de la legislacio\u0301n vigente, este Sitio Web de Oscar Colome\u0301s, Mar Bella Artist se dirige a todas las personas, sin importar su edad, que puedan acceder y\/o navegar por las pa\u0301ginas del Sitio Web.<\/p>\n<p style=\"font-weight: 400;\">El Sitio Web est\u00e1 dirigido principalmente a Usuarios residentes en Espa\u00f1a. Oscar Colom\u00e9s no garantiza que el Sitio Web cumpla total o parcialmente con las leyes de otros pa\u00edses. Si el Usuario reside o  <\/p>\n<p style=\"font-weight: 400;\">tiene su domicilio en otro lugar y decide acceder y\/o navegar por el Sitio Web, lo har\u00e1<\/p>\n<p style=\"font-weight: 400;\">lo hara\u0301 bajo su propia responsabilidad, debera\u0301 asegurarse de que tal acceso y navegacio\u0301n cumple con la legislacio\u0301n local que le es aplicable, no asumiendo Oscar Colome\u0301s, Mar Bella Artist responsabilidad alguna que se pueda derivar de dicho acceso.<\/p>\n<p style=\"font-weight: 400;\"><strong>III. ACCESO Y NAVEGACIO\u0301N EN EL SITIO WEB: EXCLUSIO\u0301N DE GARANTI\u0301AS Y RESPONSABILIDAD <\/strong><\/p>\n<p style=\"font-weight: 400;\">Tampoco se responsabiliza o garantiza que el contenido o software al que pueda accederse a trave\u0301s de este Sitio Web, este\u0301 libre de error o cause un dan\u0303o al sistema informa\u0301tico (software y hardware) del Usuario. <\/p>\n<p style=\"font-weight: 400;\">En ningu\u0301n caso Oscar Colome\u0301s, Mar Bella Artist sera\u0301 responsable por las pe\u0301rdidas, dan\u0303os o perjuicios de cualquier tipo que surjan por el acceso, navegacio\u0301n y el uso del Sitio Web, incluye\u0301ndose, <\/p>\n<p style=\"font-weight: 400;\">pero no limita\u0301ndose, a los ocasionados a los sistemas informa\u0301ticos o los provocados por la introduccio\u0301n de virus.<\/p>\n<p style=\"font-weight: 400;\">Oscar Colom\u00e9s no se hace responsable de los da\u00f1os que pudiesen ocasionarse a los usuarios por un uso inadecuado de este Sitio Web. En particular, no se hace responsable en modo alguno de los fallos, interrupciones, <\/p>\n<p style=\"font-weight: 400;\">falta o defecto de las telecomunicaciones que pudieran ocurrir.<\/p>\n\n<h1>IV. POLI\u0301TICA DE ENLACES <\/h1>\n<p style=\"font-weight: 400;\">Se informa que el Sitio Web de Oscar Colome\u0301s, Mar Bella Artist pone o puede poner a disposicio\u0301n de los Usuarios medios de enlace (como, entre otros, links, banners, botones), directorios y motores de bu\u0301squeda que permiten a los Usuarios acceder a sitios web pertenecientes y\/o gestionados por terceros.<\/p>\n<p style=\"font-weight: 400;\">La instalaci\u00f3n de estos enlaces, directorios y motores de b\u00fasqueda en el Sitio Web tiene por objeto facilitar a los Usuarios la b\u00fasqueda y el acceso a la informaci\u00f3n disponible en Internet, y no puede considerarse una sugerencia,<\/p>\n<p style=\"font-weight: 400;\">recomendacio\u0301n o invitacio\u0301n para la visita de los mismos.<\/p>\n<p style=\"font-weight: 400;\">Oscar Colome\u0301s, Mar Bella Artist no ofrece ni comercializa por si\u0301 ni por medio de terceros los productos y\/o servicios disponibles en dichos sitios enlazados.<\/p>\n<p style=\"font-weight: 400;\">Asimismo, tampoco garantizara\u0301 la disponibilidad te\u0301cnica, exactitud, veracidad, validez o legalidad de sitios ajenos a su propiedad a los que se pueda acceder por medio de los enlaces.<\/p>\n<p style=\"font-weight: 400;\">Oscar Colome\u0301s, Mar Bella Artist en ningu\u0301n caso revisara\u0301 o controlara\u0301 el contenido de otros sitios web, asi\u0301 como tampoco aprueba, examina ni hace propios los productos y servicios, contenidos, archivos y cualquier otro material existente en los referidos sitios enlazados.<\/p>\n<p style=\"font-weight: 400;\">Oscar Colom\u00e9s no asume ning\u00fan tipo de responsabilidad por los da\u00f1os y perjuicios que pudieran derivarse del acceso, uso, calidad o licitud de los contenidos, comunicaciones, opiniones, productos y servicios de<\/p>\n<p style=\"font-weight: 400;\">de los sitios web no gestionados por Oscar Colome\u0301s, Mar Bella Artist y que sean enlazados en este Sitio Web.<\/p>\n<p style=\"font-weight: 400;\">El Usuario o tercero que realice un hipervi\u0301nculo desde una pa\u0301gina web de otro, distinto, sitio web al Sitio Web de Oscar Colome\u0301s, Mar Bella Artist debera\u0301 saber que:<\/p>\n<p style=\"font-weight: 400;\">No se permite la reproduccio\u0301n \u2014total o parcialmente\u2014 de ninguno de los Contenidos y\/o Servicios del Sitio Web sin autorizacio\u0301n expresa de Oscar Colome\u0301s, Mar Bella Artist.<\/p>\n<p style=\"font-weight: 400;\">No se permite tampoco ninguna manifestacio\u0301n falsa, inexacta o incorrecta sobre el Sitio Web de Oscar Colome\u0301s, Mar Bella Artist, ni sobre los Contenidos y\/o Servicios del mismo.<\/p>\n<p style=\"font-weight: 400;\">A excepcio\u0301n del hipervi\u0301nculo, el sitio web en el que se establezca dicho hiperenlace no contendra\u0301 ningu\u0301n elemento, de este Sitio Web, protegido como propiedad intelectual por el ordenamiento juri\u0301dico espan\u0303ol, salvo autorizacio\u0301n expresa de Oscar Colome\u0301s, Mar Bella Artist.<\/p>\n<p style=\"font-weight: 400;\">El establecimiento del hiperenlace no implicar\u00e1 la existencia de relaciones entre Oscar Colom\u00e9s y el titular del sitio web desde el cual se realice, ni el conocimiento y aceptaci\u00f3n de Oscar<\/p>\n<p style=\"font-weight: 400;\">Mar Bella Artist de los contenidos, servicios y\/o actividades ofrecidas en dicho sitio web, y viceversa.<\/p>\n\n<h2>V. PROPIEDAD INTELECTUAL E INDUSTRIAL<\/h2>\n<p style=\"font-weight: 400;\">Oscar Colom\u00e9s, por s\u00ed o como cesionaria, es titular de todos los derechos de propiedad intelectual e industrial del Sitio Web, as\u00ed como de los elementos contenidos en el mismo (a t\u00edtulo enunciativo y no exhaustivo,<\/p>\n<p style=\"font-weight: 400;\">im\u00e1genes, sonido, audio, v\u00eddeo, software o textos, marcas o logotipos, combinaciones de colores, estructura y dise\u00f1o, selecci\u00f3n de materiales usados, programas de ordenador necesarios para su funcionamiento, acceso y uso, etc.). Ser\u00e1n, por tanto, obras protegidas como propiedad intelectual por el ordenamiento jur\u00eddico espa\u00f1ol, si\u00e9ndoles de aplicaci\u00f3n tanto la normativa espa\u00f1ola como la europea en la materia, as\u00ed como<\/p>\n<p style=\"font-weight: 400;\">como los tratados internacionales relativos a la materia y suscritos por Espa\u00f1a.<\/p>\n<p style=\"font-weight: 400;\">Todos los derechos reservados. En virtud de lo dispuesto en la Ley de Propiedad Intelectual, quedan prohibidas la reproducci\u00f3n, la distribuci\u00f3n y la comunicaci\u00f3n p\u00fablica, incluida su modalidad de puesta a disposici\u00f3n, de la totalidad o parte de los contenidos de esta p\u00e1gina web, con fines comerciales, en cualquier soporte y por cualquier medio t\u00e9cnico, <\/p>\n<p style=\"font-weight: 400;\">en cualquier soporte y por cualquier medio t\u00e9cnico, sin la autorizaci\u00f3n de Oscar Colom\u00e9s, Mar Bella Artist.<\/p>\n<p style=\"font-weight: 400;\">El Usuario se compromete a respetar los derechos de propiedad intelectual e industrial de Oscar Colom\u00e9s, Mar Bella Artist. Podr\u00e1 visualizar los elementos del Sitio Web o incluso imprimirlos, copiarlos y almacenarlos en el disco duro de su ordenador o en cualquier otro soporte f\u00edsico siempre y cuando sea, exclusivamente, para su uso personal. El Usuario, sin embargo, no podr\u00e1 suprimir, alterar, o manipular cualquier dispositivo de protecci\u00f3n o sistema de seguridad que estuviera instalado en el Sitio Web.  <\/p>\n<p style=\"font-weight: 400;\">En caso de que el Usuario o tercero considere que cualquiera de los Contenidos del Sitio Web suponga una violaci\u00f3n de los derechos de protecci\u00f3n de la propiedad intelectual, deber\u00e1 comunicarlo inmediatamente a Oscar Colom\u00e9s, Mar Bella Artist a trav\u00e9s de los datos de contacto del apartado de INFORMACI\u00d3N GENERAL de este Aviso Legal y Condiciones Generales de Uso.<\/p>\n\n<h2>VI. ACCIONES LEGALES, LEGISLACI\u00d3N APLICABLE Y JURISDICCI\u00d3N <\/h2>\n<p style=\"font-weight: 400;\">Oscar Colom\u00e9s, Mar Bella Artist se reserva la facultad de presentar las acciones civiles o penales que considere necesarias por la utilizaci\u00f3n indebida del Sitio Web y Contenidos, o por el incumplimiento de las presentes Condiciones.<\/p>\n<p style=\"font-weight: 400;\">La relaci\u00f3n entre el Usuario y Oscar Colom\u00e9s, Mar Bella Artist se regir\u00e1 por la normativa vigente y de aplicaci\u00f3n en el territorio espa\u00f1ol. De surgir cualquier controversia en relaci\u00f3n con la interpretaci\u00f3n y\/o a la aplicaci\u00f3n de estas Condiciones las partes someter\u00e1n sus conflictos a la jurisdicci\u00f3n ordinaria someti\u00e9ndose a los jueces y tribunales que correspondan conforme a derecho. <\/p>\t\t\t\t\t\t\t\t<\/div>\n\t\t\t\t<\/div>\n\t\t\t\t\t<\/div>\n\t\t\t\t<\/div>\n\t\t\t\t<\/div>\n\t\t","protected":false},"excerpt":{"rendered":"<p>Aviso legal www.marbellaart.cat I. INFORMACIO\u0301N GENERAL En cumplimiento con el deber de informacio\u0301n dispuesto en la Ley 34\/2002 de Servicios de la Sociedad de la Informacio\u0301n y el Comercio Electro\u0301nico (LSSI-CE) de 11 de julio, se facilitan a continuacio\u0301n los siguientes datos de informacio\u0301n general de este sitio web: La titularidad de este sitio web, [&hellip;]<\/p>\n","protected":false},"author":1,"featured_media":0,"parent":0,"menu_order":0,"comment_status":"closed","ping_status":"closed","template":"","meta":{"_acf_changed":false,"footnotes":""},"class_list":["post-1304","page","type-page","status-publish","hentry"],"acf":[],"yoast_head":"<!-- This site is optimized with the Yoast SEO plugin v27.3 - https:\/\/yoast.com\/product\/yoast-seo-wordpress\/ -->\n<title>Aviso legal - Mar bella Art<\/title>\n<meta name=\"robots\" content=\"noindex, follow, max-snippet:-1, max-image-preview:large, max-video-preview:-1\" \/>\n<meta property=\"og:locale\" content=\"es_ES\" \/>\n<meta property=\"og:type\" content=\"article\" \/>\n<meta property=\"og:title\" content=\"Aviso legal - Mar bella Art\" \/>\n<meta property=\"og:description\" content=\"Aviso legal www.marbellaart.cat I. INFORMACIO\u0301N GENERAL En cumplimiento con el deber de informacio\u0301n dispuesto en la Ley 34\/2002 de Servicios de la Sociedad de la Informacio\u0301n y el Comercio Electro\u0301nico (LSSI-CE) de 11 de julio, se facilitan a continuacio\u0301n los siguientes datos de informacio\u0301n general de este sitio web: La titularidad de este sitio web, [&hellip;]\" \/>\n<meta property=\"og:url\" content=\"https:\/\/www.marbellaart.cat\/es\/aviso-legal\/\" \/>\n<meta property=\"og:site_name\" content=\"Mar bella Art\" \/>\n<meta property=\"article:modified_time\" content=\"2025-11-19T15:52:28+00:00\" \/>\n<meta name=\"twitter:card\" content=\"summary_large_image\" \/>\n<meta name=\"twitter:label1\" content=\"Tiempo de lectura\" \/>\n\t<meta name=\"twitter:data1\" content=\"10 minutos\" \/>\n<script type=\"application\/ld+json\" class=\"yoast-schema-graph\">{\"@context\":\"https:\\\/\\\/schema.org\",\"@graph\":[{\"@type\":\"WebPage\",\"@id\":\"https:\\\/\\\/www.marbellaart.cat\\\/es\\\/aviso-legal\\\/\",\"url\":\"https:\\\/\\\/www.marbellaart.cat\\\/es\\\/aviso-legal\\\/\",\"name\":\"Aviso legal - Mar bella Art\",\"isPartOf\":{\"@id\":\"https:\\\/\\\/www.marbellaart.cat\\\/#website\"},\"datePublished\":\"2024-11-07T11:46:00+00:00\",\"dateModified\":\"2025-11-19T15:52:28+00:00\",\"breadcrumb\":{\"@id\":\"https:\\\/\\\/www.marbellaart.cat\\\/es\\\/aviso-legal\\\/#breadcrumb\"},\"inLanguage\":\"es\",\"potentialAction\":[{\"@type\":\"ReadAction\",\"target\":[\"https:\\\/\\\/www.marbellaart.cat\\\/es\\\/aviso-legal\\\/\"]}]},{\"@type\":\"BreadcrumbList\",\"@id\":\"https:\\\/\\\/www.marbellaart.cat\\\/es\\\/aviso-legal\\\/#breadcrumb\",\"itemListElement\":[{\"@type\":\"ListItem\",\"position\":1,\"name\":\"Portada\",\"item\":\"https:\\\/\\\/www.marbellaart.cat\\\/es\\\/\"},{\"@type\":\"ListItem\",\"position\":2,\"name\":\"Aviso legal\"}]},{\"@type\":\"WebSite\",\"@id\":\"https:\\\/\\\/www.marbellaart.cat\\\/#website\",\"url\":\"https:\\\/\\\/www.marbellaart.cat\\\/\",\"name\":\"Mar bella Art\",\"description\":\"Mar Bella Art works with unique pieces called \u201cPANOTS DE BARCELONA,\u201d the tiles that pave the streets of Barcelona.\",\"publisher\":{\"@id\":\"https:\\\/\\\/www.marbellaart.cat\\\/#organization\"},\"potentialAction\":[{\"@type\":\"SearchAction\",\"target\":{\"@type\":\"EntryPoint\",\"urlTemplate\":\"https:\\\/\\\/www.marbellaart.cat\\\/?s={search_term_string}\"},\"query-input\":{\"@type\":\"PropertyValueSpecification\",\"valueRequired\":true,\"valueName\":\"search_term_string\"}}],\"inLanguage\":\"es\"},{\"@type\":\"Organization\",\"@id\":\"https:\\\/\\\/www.marbellaart.cat\\\/#organization\",\"name\":\"Mar bella Art\",\"url\":\"https:\\\/\\\/www.marbellaart.cat\\\/\",\"logo\":{\"@type\":\"ImageObject\",\"inLanguage\":\"es\",\"@id\":\"https:\\\/\\\/www.marbellaart.cat\\\/#\\\/schema\\\/logo\\\/image\\\/\",\"url\":\"https:\\\/\\\/www.marbellaart.cat\\\/wp-content\\\/uploads\\\/2024\\\/11\\\/file_00000000e60471f4989719b9d708ec96.png\",\"contentUrl\":\"https:\\\/\\\/www.marbellaart.cat\\\/wp-content\\\/uploads\\\/2024\\\/11\\\/file_00000000e60471f4989719b9d708ec96.png\",\"width\":1536,\"height\":779,\"caption\":\"Mar bella Art\"},\"image\":{\"@id\":\"https:\\\/\\\/www.marbellaart.cat\\\/#\\\/schema\\\/logo\\\/image\\\/\"}}]}<\/script>\n<!-- \/ Yoast SEO plugin. -->","yoast_head_json":{"title":"Aviso legal - Mar bella Art","robots":{"index":"noindex","follow":"follow","max-snippet":"max-snippet:-1","max-image-preview":"max-image-preview:large","max-video-preview":"max-video-preview:-1"},"og_locale":"es_ES","og_type":"article","og_title":"Aviso legal - Mar bella Art","og_description":"Aviso legal www.marbellaart.cat I. INFORMACIO\u0301N GENERAL En cumplimiento con el deber de informacio\u0301n dispuesto en la Ley 34\/2002 de Servicios de la Sociedad de la Informacio\u0301n y el Comercio Electro\u0301nico (LSSI-CE) de 11 de julio, se facilitan a continuacio\u0301n los siguientes datos de informacio\u0301n general de este sitio web: La titularidad de este sitio web, [&hellip;]","og_url":"https:\/\/www.marbellaart.cat\/es\/aviso-legal\/","og_site_name":"Mar bella Art","article_modified_time":"2025-11-19T15:52:28+00:00","twitter_card":"summary_large_image","twitter_misc":{"Tiempo de lectura":"10 minutos"},"schema":{"@context":"https:\/\/schema.org","@graph":[{"@type":"WebPage","@id":"https:\/\/www.marbellaart.cat\/es\/aviso-legal\/","url":"https:\/\/www.marbellaart.cat\/es\/aviso-legal\/","name":"Aviso legal - Mar bella Art","isPartOf":{"@id":"https:\/\/www.marbellaart.cat\/#website"},"datePublished":"2024-11-07T11:46:00+00:00","dateModified":"2025-11-19T15:52:28+00:00","breadcrumb":{"@id":"https:\/\/www.marbellaart.cat\/es\/aviso-legal\/#breadcrumb"},"inLanguage":"es","potentialAction":[{"@type":"ReadAction","target":["https:\/\/www.marbellaart.cat\/es\/aviso-legal\/"]}]},{"@type":"BreadcrumbList","@id":"https:\/\/www.marbellaart.cat\/es\/aviso-legal\/#breadcrumb","itemListElement":[{"@type":"ListItem","position":1,"name":"Portada","item":"https:\/\/www.marbellaart.cat\/es\/"},{"@type":"ListItem","position":2,"name":"Aviso legal"}]},{"@type":"WebSite","@id":"https:\/\/www.marbellaart.cat\/#website","url":"https:\/\/www.marbellaart.cat\/","name":"Mar bella Art","description":"Mar Bella Art works with unique pieces called \u201cPANOTS DE BARCELONA,\u201d the tiles that pave the streets of Barcelona.","publisher":{"@id":"https:\/\/www.marbellaart.cat\/#organization"},"potentialAction":[{"@type":"SearchAction","target":{"@type":"EntryPoint","urlTemplate":"https:\/\/www.marbellaart.cat\/?s={search_term_string}"},"query-input":{"@type":"PropertyValueSpecification","valueRequired":true,"valueName":"search_term_string"}}],"inLanguage":"es"},{"@type":"Organization","@id":"https:\/\/www.marbellaart.cat\/#organization","name":"Mar bella Art","url":"https:\/\/www.marbellaart.cat\/","logo":{"@type":"ImageObject","inLanguage":"es","@id":"https:\/\/www.marbellaart.cat\/#\/schema\/logo\/image\/","url":"https:\/\/www.marbellaart.cat\/wp-content\/uploads\/2024\/11\/file_00000000e60471f4989719b9d708ec96.png","contentUrl":"https:\/\/www.marbellaart.cat\/wp-content\/uploads\/2024\/11\/file_00000000e60471f4989719b9d708ec96.png","width":1536,"height":779,"caption":"Mar bella Art"},"image":{"@id":"https:\/\/www.marbellaart.cat\/#\/schema\/logo\/image\/"}}]}},"_links":{"self":[{"href":"https:\/\/www.marbellaart.cat\/es\/wp-json\/wp\/v2\/pages\/1304","targetHints":{"allow":["GET"]}}],"collection":[{"href":"https:\/\/www.marbellaart.cat\/es\/wp-json\/wp\/v2\/pages"}],"about":[{"href":"https:\/\/www.marbellaart.cat\/es\/wp-json\/wp\/v2\/types\/page"}],"author":[{"embeddable":true,"href":"https:\/\/www.marbellaart.cat\/es\/wp-json\/wp\/v2\/users\/1"}],"replies":[{"embeddable":true,"href":"https:\/\/www.marbellaart.cat\/es\/wp-json\/wp\/v2\/comments?post=1304"}],"version-history":[{"count":2,"href":"https:\/\/www.marbellaart.cat\/es\/wp-json\/wp\/v2\/pages\/1304\/revisions"}],"predecessor-version":[{"id":1710,"href":"https:\/\/www.marbellaart.cat\/es\/wp-json\/wp\/v2\/pages\/1304\/revisions\/1710"}],"wp:attachment":[{"href":"https:\/\/www.marbellaart.cat\/es\/wp-json\/wp\/v2\/media?parent=1304"}],"curies":[{"name":"wp","href":"https:\/\/api.w.org\/{rel}","templated":true}]}}