{"id":1294,"date":"2024-11-07T11:48:12","date_gmt":"2024-11-07T11:48:12","guid":{"rendered":"https:\/\/www.oscarcolomes.cat\/accesibilidad\/"},"modified":"2025-11-19T15:54:13","modified_gmt":"2025-11-19T15:54:13","slug":"accesibilidad","status":"publish","type":"page","link":"https:\/\/www.marbellaart.cat\/es\/accesibilidad\/","title":{"rendered":"Accesibilidad"},"content":{"rendered":"\t\t<div data-elementor-type=\"wp-page\" data-elementor-id=\"1294\" class=\"elementor elementor-1294 elementor-561\" data-elementor-post-type=\"page\">\n\t\t\t\t<div class=\"elementor-element elementor-element-64f472e6 e-flex e-con-boxed e-con e-parent\" data-id=\"64f472e6\" data-element_type=\"container\" data-e-type=\"container\">\n\t\t\t\t\t<div class=\"e-con-inner\">\n\t\t\t\t<div class=\"elementor-element elementor-element-2a91a9e elementor-invisible elementor-widget elementor-widget-heading\" data-id=\"2a91a9e\" data-element_type=\"widget\" data-e-type=\"widget\" data-settings=\"{&quot;_animation&quot;:&quot;fadeInDown&quot;}\" data-widget_type=\"heading.default\">\n\t\t\t\t<div class=\"elementor-widget-container\">\n\t\t\t\t\t<h1 class=\"elementor-heading-title elementor-size-default\">Accesibilidad<\/h1>\t\t\t\t<\/div>\n\t\t\t\t<\/div>\n\t\t\t\t<div class=\"elementor-element elementor-element-b5da64f elementor-widget-divider--view-line elementor-invisible elementor-widget elementor-widget-divider\" data-id=\"b5da64f\" data-element_type=\"widget\" data-e-type=\"widget\" data-settings=\"{&quot;_animation&quot;:&quot;fadeInUp&quot;}\" data-widget_type=\"divider.default\">\n\t\t\t\t<div class=\"elementor-widget-container\">\n\t\t\t\t\t\t\t<div class=\"elementor-divider\">\n\t\t\t<span class=\"elementor-divider-separator\">\n\t\t\t\t\t\t<\/span>\n\t\t<\/div>\n\t\t\t\t\t\t<\/div>\n\t\t\t\t<\/div>\n\t\t\t\t<div class=\"elementor-element elementor-element-6d11c6b1 elementor-widget elementor-widget-text-editor\" data-id=\"6d11c6b1\" data-element_type=\"widget\" data-e-type=\"widget\" data-widget_type=\"text-editor.default\">\n\t\t\t\t<div class=\"elementor-widget-container\">\n\t\t\t\t\t\t\t\t\t<p style=\"font-weight: 400\"><strong>www.oscarcolomes.cat<\/strong><\/p><h1>Estado de cumplimiento<\/h1><p style=\"font-weight: 400\">Oscar Colom\u00e9s (en adelante tambi\u00e9n Sitio Web) cumple parcialmente con el Real Decreto 1112\/2018, de 7 de septiembre, debido a la falta de cumplimiento de los aspectos que se indican a continuaci\u00f3n.<\/p><h1>Contenido no accesible<\/h1><p style=\"font-weight: 400\">El contenido que aparece a continuaci\u00f3n no es accesible por las siguientes razones:<\/p><ol><li><strong>Incumplimiento del RD 1112\/2018: <\/strong>No Cumple el 100% de los criterios de accesibilidad web.<\/li><li><strong>Carga desproporcionada: <\/strong>No<\/li><li><strong>El contenido no entra en el \u00e1mbito de la legislaci\u00f3n aplicable:<\/strong><ul><li>Puede haber archivos ofim\u00e1ticos en PDF y otros formatos publicados antes del 20 de septiembre de 2018 que no cumplan plenamente todos los requisitos de accesibilidad.<\/li><\/ul><\/li><\/ol><p style=\"font-weight: 400\">Sin embargo, se han hecho esfuerzos para garantizar que la mayor\u00eda de ellos cumplan la normativa.<\/p><ul><li>Puede haber contenidos de terceros que no hayan sido desarrollados por esta Unidad ni est\u00e9n bajo su control, como im\u00e1genes, mapas interactivos, v\u00eddeos, documentos, reproductores,<\/li><li>Puede haber archivos pregrabados publicados antes del 20 de septiembre de 2018 que no cumplan totalmente con toda la accesibilidad<\/li><li>Parte o la totalidad del sitio web puede estar creado con un CMS (WordPress, Shopify, PrestaShop, ), por lo que, debido a una actualizaci\u00f3n o cambio en los sistemas, es posible que no todo el contenido generado o autogenerado pueda<\/li><\/ul><p style=\"font-weight: 400\">cumplir todas las normas de accesibilidad.<\/p><h1>Elaboraci\u00f3n de esta declaraci\u00f3n de accesibilidad<\/h1><p style=\"font-weight: 400\">Esta declaraci\u00f3n se prepar\u00f3 el 09\/10\/2024<\/p><p style=\"font-weight: 400\">El m\u00e9todo utilizado para elaborar la declaraci\u00f3n fue una autoevaluaci\u00f3n realizada por la propia empresa.<\/p><p style=\"font-weight: 400\">\u00daltima revisi\u00f3n de la declaraci\u00f3n: 09\/10\/2024<\/p><h1>Comentarios e informaci\u00f3n de contacto<\/h1><p style=\"font-weight: 400\">Puedes realizar comunicaciones sobre requisitos de accesibilidad (art\u00edculo 10.2.a del Real Decreto 1112\/2018, de 7 de septiembre) como, por ejemplo:<\/p><ul><li>Informar de cualquier posible infracci\u00f3n de este<\/li><li>Transmite otras dificultades de acceso a la<\/li><li>Haz cualquier otra pregunta o sugerencia de mejora sobre la accesibilidad del<\/li><\/ul><p style=\"font-weight: 400\">A trav\u00e9s de los siguientes canales:<\/p><ul><li>Correo electr\u00f3nico: santiberi@yahoo.es<\/li><li>Llama por tel\u00e9fono: 665122494<\/li><\/ul><p style=\"font-weight: 400\">Seg\u00fan el art\u00edculo 10.2.b del RD 1112\/2018, tambi\u00e9n puedes presentar:<\/p><ul><li>Una denuncia sobre el cumplimiento de los requisitos del RD 1112\/2018.<\/li><li>Una solicitud de informaci\u00f3n accesible relativa a:<ul><li>Contenidos excluidos del \u00e1mbito de aplicaci\u00f3n del RD 1112\/2018 seg\u00fan establece el art\u00edculo 3, apartado<\/li><li>Contenido que est\u00e1 exento del cumplimiento de los requisitos de accesibilidad porque impone una carga desproporcionada<\/li><\/ul><\/li><\/ul><p style=\"font-weight: 400\">En la Solicitud de Informaci\u00f3n Accesible deben especificarse claramente los hechos, motivos y petici\u00f3n que permitan verificar que se trata de una solicitud razonable y leg\u00edtima.<\/p><p style=\"font-weight: 400\">Las comunicaciones ser\u00e1n recibidas y procesadas por la direcci\u00f3n de la empresa, como unidad responsable del contenido de este sitio web.<\/p><p style=\"font-weight: 400\"><strong>Contenido opcional<\/strong><\/p><p style=\"font-weight: 400\">La versi\u00f3n actualmente visible de este sitio web es del 09\/10\/2024 y en esa fecha se revis\u00f3 el nivel de accesibilidad vigente en ese momento.<\/p><p style=\"font-weight: 400\">A partir de esa fecha, se realizan revisiones parciales diarias de los contenidos web nuevos o modificados, tanto de las plantillas como de las p\u00e1ginas y documentos finales publicados, para asegurar el cumplimiento de los requisitos de accesibilidad de la Norma UNE-EN 301549:2022, considerando las excepciones del Real Decreto 1112\/2018, de 7 de septiembre.<\/p><p style=\"font-weight: 400\">Entre otras, se adoptan las siguientes medidas para facilitar la accesibilidad:<\/p><ul><li>Uso de texto alternativo en<\/li><li>Los enlaces proporcionan detalles sobre la funci\u00f3n o el destino del<\/li><li>Uso de los est\u00e1ndares del W3C: XHTML 0, CSS 3.0, WAI AA.<\/li><\/ul><p style=\"font-weight: 400\"><strong>Compatibilidad <br \/><\/strong>El sitio web:<\/p><ul><li>Se ha dise\u00f1ado para adaptarse a las normas y reglamentos vigentes en materia de accesibilidad, cumpliendo los puntos de verificaci\u00f3n de prioridad 2 (AA) definidos en la especificaci\u00f3n de las Pautas de Accesibilidad al Contenido en la Web (WCAG 1)<\/li><li>est\u00e1 optimizado para las \u00faltimas versiones actuales de Chrome, Edge y Firefox,<\/li><\/ul><p style=\"font-weight: 400\">Safari y Opera<\/p><ul><li>Est\u00e1 dise\u00f1ado para visualizarse correctamente en cualquier resoluci\u00f3n y dispositivo: ordenador de sobremesa, tableta o m\u00f3vil (dise\u00f1o responsive).<\/li><li>Se ha creado utilizando HTML5 como lenguaje de marcado y hojas de estilo CSS 3 para sus<\/li><\/ul><p style=\"font-weight: 400\">Adem\u00e1s, se realiza un trabajo continuo de auditor\u00eda y revisi\u00f3n de contenidos para facilitar la interpretaci\u00f3n y mejorar la navegaci\u00f3n por el portal web.<\/p>\t\t\t\t\t\t\t\t<\/div>\n\t\t\t\t<\/div>\n\t\t\t\t\t<\/div>\n\t\t\t\t<\/div>\n\t\t\t\t<\/div>\n\t\t","protected":false},"excerpt":{"rendered":"<p>Accesibilidad www.oscarcolomes.cat Estado de cumplimiento Oscar Colom\u00e9s (en adelante tambi\u00e9n Sitio Web) cumple parcialmente con el Real Decreto 1112\/2018, de 7 de septiembre, debido a la falta de cumplimiento de los aspectos que se indican a continuaci\u00f3n. Contenido no accesible El contenido que aparece a continuaci\u00f3n no es accesible por las siguientes razones: Incumplimiento del [&hellip;]<\/p>\n","protected":false},"author":1,"featured_media":0,"parent":0,"menu_order":0,"comment_status":"closed","ping_status":"closed","template":"","meta":{"_acf_changed":false,"footnotes":""},"class_list":["post-1294","page","type-page","status-publish","hentry"],"acf":[],"yoast_head":"<!-- This site is optimized with the Yoast SEO plugin v27.3 - https:\/\/yoast.com\/product\/yoast-seo-wordpress\/ -->\n<title>Accesibilidad - Mar bella Art<\/title>\n<meta name=\"robots\" content=\"noindex, follow, max-snippet:-1, max-image-preview:large, max-video-preview:-1\" \/>\n<meta property=\"og:locale\" content=\"es_ES\" \/>\n<meta property=\"og:type\" content=\"article\" \/>\n<meta property=\"og:title\" content=\"Accesibilidad - Mar bella Art\" \/>\n<meta property=\"og:description\" content=\"Accesibilidad www.oscarcolomes.cat Estado de cumplimiento Oscar Colom\u00e9s (en adelante tambi\u00e9n Sitio Web) cumple parcialmente con el Real Decreto 1112\/2018, de 7 de septiembre, debido a la falta de cumplimiento de los aspectos que se indican a continuaci\u00f3n. Contenido no accesible El contenido que aparece a continuaci\u00f3n no es accesible por las siguientes razones: Incumplimiento del [&hellip;]\" \/>\n<meta property=\"og:url\" content=\"https:\/\/www.marbellaart.cat\/es\/accesibilidad\/\" \/>\n<meta property=\"og:site_name\" content=\"Mar bella Art\" \/>\n<meta property=\"article:modified_time\" content=\"2025-11-19T15:54:13+00:00\" \/>\n<meta name=\"twitter:card\" content=\"summary_large_image\" \/>\n<meta name=\"twitter:label1\" content=\"Tiempo de lectura\" \/>\n\t<meta name=\"twitter:data1\" content=\"3 minutos\" \/>\n<script type=\"application\/ld+json\" class=\"yoast-schema-graph\">{\"@context\":\"https:\\\/\\\/schema.org\",\"@graph\":[{\"@type\":\"WebPage\",\"@id\":\"https:\\\/\\\/www.marbellaart.cat\\\/es\\\/accesibilidad\\\/\",\"url\":\"https:\\\/\\\/www.marbellaart.cat\\\/es\\\/accesibilidad\\\/\",\"name\":\"Accesibilidad - Mar bella Art\",\"isPartOf\":{\"@id\":\"https:\\\/\\\/www.marbellaart.cat\\\/#website\"},\"datePublished\":\"2024-11-07T11:48:12+00:00\",\"dateModified\":\"2025-11-19T15:54:13+00:00\",\"breadcrumb\":{\"@id\":\"https:\\\/\\\/www.marbellaart.cat\\\/es\\\/accesibilidad\\\/#breadcrumb\"},\"inLanguage\":\"es\",\"potentialAction\":[{\"@type\":\"ReadAction\",\"target\":[\"https:\\\/\\\/www.marbellaart.cat\\\/es\\\/accesibilidad\\\/\"]}]},{\"@type\":\"BreadcrumbList\",\"@id\":\"https:\\\/\\\/www.marbellaart.cat\\\/es\\\/accesibilidad\\\/#breadcrumb\",\"itemListElement\":[{\"@type\":\"ListItem\",\"position\":1,\"name\":\"Portada\",\"item\":\"https:\\\/\\\/www.marbellaart.cat\\\/es\\\/\"},{\"@type\":\"ListItem\",\"position\":2,\"name\":\"Accesibilidad\"}]},{\"@type\":\"WebSite\",\"@id\":\"https:\\\/\\\/www.marbellaart.cat\\\/#website\",\"url\":\"https:\\\/\\\/www.marbellaart.cat\\\/\",\"name\":\"Mar bella Art\",\"description\":\"Mar Bella Art works with unique pieces called \u201cPANOTS DE BARCELONA,\u201d the tiles that pave the streets of Barcelona.\",\"publisher\":{\"@id\":\"https:\\\/\\\/www.marbellaart.cat\\\/#organization\"},\"potentialAction\":[{\"@type\":\"SearchAction\",\"target\":{\"@type\":\"EntryPoint\",\"urlTemplate\":\"https:\\\/\\\/www.marbellaart.cat\\\/?s={search_term_string}\"},\"query-input\":{\"@type\":\"PropertyValueSpecification\",\"valueRequired\":true,\"valueName\":\"search_term_string\"}}],\"inLanguage\":\"es\"},{\"@type\":\"Organization\",\"@id\":\"https:\\\/\\\/www.marbellaart.cat\\\/#organization\",\"name\":\"Mar bella Art\",\"url\":\"https:\\\/\\\/www.marbellaart.cat\\\/\",\"logo\":{\"@type\":\"ImageObject\",\"inLanguage\":\"es\",\"@id\":\"https:\\\/\\\/www.marbellaart.cat\\\/#\\\/schema\\\/logo\\\/image\\\/\",\"url\":\"https:\\\/\\\/www.marbellaart.cat\\\/wp-content\\\/uploads\\\/2024\\\/11\\\/file_00000000e60471f4989719b9d708ec96.png\",\"contentUrl\":\"https:\\\/\\\/www.marbellaart.cat\\\/wp-content\\\/uploads\\\/2024\\\/11\\\/file_00000000e60471f4989719b9d708ec96.png\",\"width\":1536,\"height\":779,\"caption\":\"Mar bella Art\"},\"image\":{\"@id\":\"https:\\\/\\\/www.marbellaart.cat\\\/#\\\/schema\\\/logo\\\/image\\\/\"}}]}<\/script>\n<!-- \/ Yoast SEO plugin. -->","yoast_head_json":{"title":"Accesibilidad - Mar bella Art","robots":{"index":"noindex","follow":"follow","max-snippet":"max-snippet:-1","max-image-preview":"max-image-preview:large","max-video-preview":"max-video-preview:-1"},"og_locale":"es_ES","og_type":"article","og_title":"Accesibilidad - Mar bella Art","og_description":"Accesibilidad www.oscarcolomes.cat Estado de cumplimiento Oscar Colom\u00e9s (en adelante tambi\u00e9n Sitio Web) cumple parcialmente con el Real Decreto 1112\/2018, de 7 de septiembre, debido a la falta de cumplimiento de los aspectos que se indican a continuaci\u00f3n. Contenido no accesible El contenido que aparece a continuaci\u00f3n no es accesible por las siguientes razones: Incumplimiento del [&hellip;]","og_url":"https:\/\/www.marbellaart.cat\/es\/accesibilidad\/","og_site_name":"Mar bella Art","article_modified_time":"2025-11-19T15:54:13+00:00","twitter_card":"summary_large_image","twitter_misc":{"Tiempo de lectura":"3 minutos"},"schema":{"@context":"https:\/\/schema.org","@graph":[{"@type":"WebPage","@id":"https:\/\/www.marbellaart.cat\/es\/accesibilidad\/","url":"https:\/\/www.marbellaart.cat\/es\/accesibilidad\/","name":"Accesibilidad - Mar bella Art","isPartOf":{"@id":"https:\/\/www.marbellaart.cat\/#website"},"datePublished":"2024-11-07T11:48:12+00:00","dateModified":"2025-11-19T15:54:13+00:00","breadcrumb":{"@id":"https:\/\/www.marbellaart.cat\/es\/accesibilidad\/#breadcrumb"},"inLanguage":"es","potentialAction":[{"@type":"ReadAction","target":["https:\/\/www.marbellaart.cat\/es\/accesibilidad\/"]}]},{"@type":"BreadcrumbList","@id":"https:\/\/www.marbellaart.cat\/es\/accesibilidad\/#breadcrumb","itemListElement":[{"@type":"ListItem","position":1,"name":"Portada","item":"https:\/\/www.marbellaart.cat\/es\/"},{"@type":"ListItem","position":2,"name":"Accesibilidad"}]},{"@type":"WebSite","@id":"https:\/\/www.marbellaart.cat\/#website","url":"https:\/\/www.marbellaart.cat\/","name":"Mar bella Art","description":"Mar Bella Art works with unique pieces called \u201cPANOTS DE BARCELONA,\u201d the tiles that pave the streets of Barcelona.","publisher":{"@id":"https:\/\/www.marbellaart.cat\/#organization"},"potentialAction":[{"@type":"SearchAction","target":{"@type":"EntryPoint","urlTemplate":"https:\/\/www.marbellaart.cat\/?s={search_term_string}"},"query-input":{"@type":"PropertyValueSpecification","valueRequired":true,"valueName":"search_term_string"}}],"inLanguage":"es"},{"@type":"Organization","@id":"https:\/\/www.marbellaart.cat\/#organization","name":"Mar bella Art","url":"https:\/\/www.marbellaart.cat\/","logo":{"@type":"ImageObject","inLanguage":"es","@id":"https:\/\/www.marbellaart.cat\/#\/schema\/logo\/image\/","url":"https:\/\/www.marbellaart.cat\/wp-content\/uploads\/2024\/11\/file_00000000e60471f4989719b9d708ec96.png","contentUrl":"https:\/\/www.marbellaart.cat\/wp-content\/uploads\/2024\/11\/file_00000000e60471f4989719b9d708ec96.png","width":1536,"height":779,"caption":"Mar bella Art"},"image":{"@id":"https:\/\/www.marbellaart.cat\/#\/schema\/logo\/image\/"}}]}},"_links":{"self":[{"href":"https:\/\/www.marbellaart.cat\/es\/wp-json\/wp\/v2\/pages\/1294","targetHints":{"allow":["GET"]}}],"collection":[{"href":"https:\/\/www.marbellaart.cat\/es\/wp-json\/wp\/v2\/pages"}],"about":[{"href":"https:\/\/www.marbellaart.cat\/es\/wp-json\/wp\/v2\/types\/page"}],"author":[{"embeddable":true,"href":"https:\/\/www.marbellaart.cat\/es\/wp-json\/wp\/v2\/users\/1"}],"replies":[{"embeddable":true,"href":"https:\/\/www.marbellaart.cat\/es\/wp-json\/wp\/v2\/comments?post=1294"}],"version-history":[{"count":7,"href":"https:\/\/www.marbellaart.cat\/es\/wp-json\/wp\/v2\/pages\/1294\/revisions"}],"predecessor-version":[{"id":1628,"href":"https:\/\/www.marbellaart.cat\/es\/wp-json\/wp\/v2\/pages\/1294\/revisions\/1628"}],"wp:attachment":[{"href":"https:\/\/www.marbellaart.cat\/es\/wp-json\/wp\/v2\/media?parent=1294"}],"curies":[{"name":"wp","href":"https:\/\/api.w.org\/{rel}","templated":true}]}}