{"id":1281,"date":"2024-11-14T08:48:00","date_gmt":"2024-11-14T08:48:00","guid":{"rendered":"https:\/\/www.oscarcolomes.cat\/sobre-mi\/"},"modified":"2025-12-19T08:43:28","modified_gmt":"2025-12-19T08:43:28","slug":"sobre-mi","status":"publish","type":"page","link":"https:\/\/www.marbellaart.cat\/es\/sobre-mi\/","title":{"rendered":"Sobre m\u00ed"},"content":{"rendered":"\t\t<div data-elementor-type=\"wp-page\" data-elementor-id=\"1281\" class=\"elementor elementor-1281 elementor-570\" data-elementor-post-type=\"page\">\n\t\t\t\t<div class=\"elementor-element elementor-element-11c4130 e-flex e-con-boxed e-con e-parent\" data-id=\"11c4130\" data-element_type=\"container\" data-e-type=\"container\">\n\t\t\t\t\t<div class=\"e-con-inner\">\n\t\t\t\t<div class=\"elementor-element elementor-element-737e76e elementor-invisible elementor-widget elementor-widget-heading\" data-id=\"737e76e\" data-element_type=\"widget\" data-e-type=\"widget\" data-settings=\"{&quot;_animation&quot;:&quot;fadeInDown&quot;}\" data-widget_type=\"heading.default\">\n\t\t\t\t<div class=\"elementor-widget-container\">\n\t\t\t\t\t<h1 class=\"elementor-heading-title elementor-size-default\">Sobre m\u00ed<\/h1>\t\t\t\t<\/div>\n\t\t\t\t<\/div>\n\t\t\t\t<div class=\"elementor-element elementor-element-0b3862f elementor-widget-divider--view-line elementor-invisible elementor-widget elementor-widget-divider\" data-id=\"0b3862f\" data-element_type=\"widget\" data-e-type=\"widget\" data-settings=\"{&quot;_animation&quot;:&quot;fadeInUp&quot;}\" data-widget_type=\"divider.default\">\n\t\t\t\t<div class=\"elementor-widget-container\">\n\t\t\t\t\t\t\t<div class=\"elementor-divider\">\n\t\t\t<span class=\"elementor-divider-separator\">\n\t\t\t\t\t\t<\/span>\n\t\t<\/div>\n\t\t\t\t\t\t<\/div>\n\t\t\t\t<\/div>\n\t\t\t\t<div class=\"elementor-element elementor-element-d1860b7 elementor-widget elementor-widget-text-editor\" data-id=\"d1860b7\" data-element_type=\"widget\" data-e-type=\"widget\" data-widget_type=\"text-editor.default\">\n\t\t\t\t<div class=\"elementor-widget-container\">\n\t\t\t\t\t\t\t\t\t<p><i>El artista <\/i>trabaja con piezas \u00fanicas llamadas <strong>\u00abPANOTS DE BARCELONA\u00bb,<\/strong> las baldosas que pavimentan las calles de Barcelona.<\/p><p>Tras un largo viaje desde las calles de Barcelona&#8230; hasta el mar de la ciudad que las transforma a su antojo, no hay dos piezas iguales. Son <strong>\u00daNICAS<\/strong> porque proceden del mar de Barcelona, donde el artista las recoge una a una, pieza a pieza.<\/p><p>A partir de esta pieza \u00fanica, el artista trabaja en el estudio para crear composiciones utilizando madera, hierro forjado y cristal, creando obras de arte que a\u00f1aden sofisticaci\u00f3n a cualquier espacio -viviendas, espacios comerciales, hoteles- asegurando la exclusividad de cada pieza.<\/p><p>\u00ab<strong><em>Estas losetas, moldeadas por el paso del tiempo y el vaiv\u00e9n del mar, se convierten en la materia prima de mi arte<\/em><\/strong>.\u00bb\u00a0<\/p><p>Escr\u00edbenos con tu solicitud y te haremos un presupuesto sin compromiso.<\/p>\t\t\t\t\t\t\t\t<\/div>\n\t\t\t\t<\/div>\n\t\t\t\t\t<\/div>\n\t\t\t\t<\/div>\n\t\t<div class=\"elementor-element elementor-element-bb6d714 e-flex e-con-boxed e-con e-parent\" data-id=\"bb6d714\" data-element_type=\"container\" data-e-type=\"container\">\n\t\t\t\t\t<div class=\"e-con-inner\">\n\t\t\t\t<div class=\"elementor-element elementor-element-eb8bc26 elementor-widget elementor-widget-image\" data-id=\"eb8bc26\" data-element_type=\"widget\" data-e-type=\"widget\" data-widget_type=\"image.default\">\n\t\t\t\t<div class=\"elementor-widget-container\">\n\t\t\t\t\t\t\t\t\t\t\t\t\t\t\t<img fetchpriority=\"high\" decoding=\"async\" width=\"2560\" height=\"1149\" src=\"https:\/\/www.marbellaart.cat\/wp-content\/uploads\/2024\/11\/bg_hero-scaled.jpg\" class=\"attachment-full size-full wp-image-1143\" alt=\"\" srcset=\"https:\/\/www.marbellaart.cat\/wp-content\/uploads\/2024\/11\/bg_hero-scaled.jpg 2560w, https:\/\/www.marbellaart.cat\/wp-content\/uploads\/2024\/11\/bg_hero-scaled-600x269.jpg 600w, https:\/\/www.marbellaart.cat\/wp-content\/uploads\/2024\/11\/bg_hero-300x135.jpg 300w, https:\/\/www.marbellaart.cat\/wp-content\/uploads\/2024\/11\/bg_hero-1024x459.jpg 1024w, https:\/\/www.marbellaart.cat\/wp-content\/uploads\/2024\/11\/bg_hero-768x345.jpg 768w, https:\/\/www.marbellaart.cat\/wp-content\/uploads\/2024\/11\/bg_hero-1536x689.jpg 1536w, https:\/\/www.marbellaart.cat\/wp-content\/uploads\/2024\/11\/bg_hero-2048x919.jpg 2048w\" sizes=\"(max-width: 2560px) 100vw, 2560px\" \/>\t\t\t\t\t\t\t\t\t\t\t\t\t\t\t<\/div>\n\t\t\t\t<\/div>\n\t\t\t\t\t<\/div>\n\t\t\t\t<\/div>\n\t\t<div class=\"elementor-element elementor-element-3f784c4 e-grid e-con-boxed e-con e-parent\" data-id=\"3f784c4\" data-element_type=\"container\" data-e-type=\"container\">\n\t\t\t\t\t<div class=\"e-con-inner\">\n\t\t\t\t<div class=\"elementor-element elementor-element-63bb7bd elementor-widget elementor-widget-heading\" data-id=\"63bb7bd\" data-element_type=\"widget\" data-e-type=\"widget\" data-widget_type=\"heading.default\">\n\t\t\t\t<div class=\"elementor-widget-container\">\n\t\t\t\t\t<h2 class=\"elementor-heading-title elementor-size-default\">A pocos metros del mar Mediterraneo en Barcelona,<br>el artista Mar Bella trabaja con piezas encontradas y crea composiciones,<br>preservando la memoria de un tiempo y un lugar.<\/h2>\t\t\t\t<\/div>\n\t\t\t\t<\/div>\n\t\t\t\t\t<\/div>\n\t\t\t\t<\/div>\n\t\t<div class=\"elementor-element elementor-element-dd2528e e-flex e-con-boxed e-con e-parent\" data-id=\"dd2528e\" data-element_type=\"container\" data-e-type=\"container\">\n\t\t\t\t\t<div class=\"e-con-inner\">\n\t\t\t\t<div class=\"elementor-element elementor-element-c405d9e elementor-widget elementor-widget-image\" data-id=\"c405d9e\" data-element_type=\"widget\" data-e-type=\"widget\" data-widget_type=\"image.default\">\n\t\t\t\t<div class=\"elementor-widget-container\">\n\t\t\t\t\t\t\t\t\t\t\t\t\t\t\t<img decoding=\"async\" width=\"800\" height=\"638\" src=\"https:\/\/www.marbellaart.cat\/wp-content\/uploads\/2025\/12\/IMG-20250921-WA0005-1024x816.jpg\" class=\"attachment-large size-large wp-image-1756\" alt=\"\" srcset=\"https:\/\/www.marbellaart.cat\/wp-content\/uploads\/2025\/12\/IMG-20250921-WA0005-1024x816.jpg 1024w, https:\/\/www.marbellaart.cat\/wp-content\/uploads\/2025\/12\/IMG-20250921-WA0005-300x239.jpg 300w, https:\/\/www.marbellaart.cat\/wp-content\/uploads\/2025\/12\/IMG-20250921-WA0005-768x612.jpg 768w, https:\/\/www.marbellaart.cat\/wp-content\/uploads\/2025\/12\/IMG-20250921-WA0005-1536x1224.jpg 1536w, https:\/\/www.marbellaart.cat\/wp-content\/uploads\/2025\/12\/IMG-20250921-WA0005-600x478.jpg 600w, https:\/\/www.marbellaart.cat\/wp-content\/uploads\/2025\/12\/IMG-20250921-WA0005.jpg 2048w\" sizes=\"(max-width: 800px) 100vw, 800px\" \/>\t\t\t\t\t\t\t\t\t\t\t\t\t\t\t<\/div>\n\t\t\t\t<\/div>\n\t\t\t\t<div class=\"elementor-element elementor-element-f3d7701 elementor-widget elementor-widget-image\" data-id=\"f3d7701\" data-element_type=\"widget\" data-e-type=\"widget\" data-widget_type=\"image.default\">\n\t\t\t\t<div class=\"elementor-widget-container\">\n\t\t\t\t\t\t\t\t\t\t\t\t\t\t\t<img decoding=\"async\" width=\"800\" height=\"642\" src=\"https:\/\/www.marbellaart.cat\/wp-content\/uploads\/2025\/12\/IMG-20250927-WA0004-1-1024x822.jpg\" class=\"attachment-large size-large wp-image-1810\" alt=\"\" srcset=\"https:\/\/www.marbellaart.cat\/wp-content\/uploads\/2025\/12\/IMG-20250927-WA0004-1-1024x822.jpg 1024w, https:\/\/www.marbellaart.cat\/wp-content\/uploads\/2025\/12\/IMG-20250927-WA0004-1-300x241.jpg 300w, https:\/\/www.marbellaart.cat\/wp-content\/uploads\/2025\/12\/IMG-20250927-WA0004-1-768x616.jpg 768w, https:\/\/www.marbellaart.cat\/wp-content\/uploads\/2025\/12\/IMG-20250927-WA0004-1-1536x1233.jpg 1536w, https:\/\/www.marbellaart.cat\/wp-content\/uploads\/2025\/12\/IMG-20250927-WA0004-1-2048x1644.jpg 2048w, https:\/\/www.marbellaart.cat\/wp-content\/uploads\/2025\/12\/IMG-20250927-WA0004-1-600x482.jpg 600w\" sizes=\"(max-width: 800px) 100vw, 800px\" \/>\t\t\t\t\t\t\t\t\t\t\t\t\t\t\t<\/div>\n\t\t\t\t<\/div>\n\t\t\t\t<div class=\"elementor-element elementor-element-e9e1eb8 elementor-widget elementor-widget-image\" data-id=\"e9e1eb8\" data-element_type=\"widget\" data-e-type=\"widget\" data-widget_type=\"image.default\">\n\t\t\t\t<div class=\"elementor-widget-container\">\n\t\t\t\t\t\t\t\t\t\t\t\t\t\t\t<img loading=\"lazy\" decoding=\"async\" width=\"800\" height=\"800\" src=\"https:\/\/www.marbellaart.cat\/wp-content\/uploads\/2025\/08\/1000101857-1.jpg\" class=\"attachment-large size-large wp-image-1612\" alt=\"\" srcset=\"https:\/\/www.marbellaart.cat\/wp-content\/uploads\/2025\/08\/1000101857-1.jpg 1024w, https:\/\/www.marbellaart.cat\/wp-content\/uploads\/2025\/08\/1000101857-1-300x300.jpg 300w, https:\/\/www.marbellaart.cat\/wp-content\/uploads\/2025\/08\/1000101857-1-150x150.jpg 150w, https:\/\/www.marbellaart.cat\/wp-content\/uploads\/2025\/08\/1000101857-1-768x768.jpg 768w, https:\/\/www.marbellaart.cat\/wp-content\/uploads\/2025\/08\/1000101857-1-600x600.jpg 600w, https:\/\/www.marbellaart.cat\/wp-content\/uploads\/2025\/08\/1000101857-1-100x100.jpg 100w\" sizes=\"(max-width: 800px) 100vw, 800px\" \/>\t\t\t\t\t\t\t\t\t\t\t\t\t\t\t<\/div>\n\t\t\t\t<\/div>\n\t\t\t\t\t<\/div>\n\t\t\t\t<\/div>\n\t\t<div class=\"elementor-element elementor-element-6702e79 e-flex e-con-boxed e-con e-parent\" data-id=\"6702e79\" data-element_type=\"container\" data-e-type=\"container\">\n\t\t\t\t\t<div class=\"e-con-inner\">\n\t\t\t\t\t<\/div>\n\t\t\t\t<\/div>\n\t\t<div class=\"elementor-element elementor-element-4245f7f e-flex e-con-boxed e-con e-parent\" data-id=\"4245f7f\" data-element_type=\"container\" data-e-type=\"container\">\n\t\t\t\t\t<div class=\"e-con-inner\">\n\t\t\t\t\t<\/div>\n\t\t\t\t<\/div>\n\t\t<div class=\"elementor-element elementor-element-5b8ada1 e-grid e-con-boxed e-con e-parent\" data-id=\"5b8ada1\" data-element_type=\"container\" data-e-type=\"container\">\n\t\t\t\t\t<div class=\"e-con-inner\">\n\t\t\t\t\t<\/div>\n\t\t\t\t<\/div>\n\t\t\t\t<\/div>\n\t\t","protected":false},"excerpt":{"rendered":"<p>Sobre m\u00ed El artista trabaja con piezas \u00fanicas llamadas \u00abPANOTS DE BARCELONA\u00bb, las baldosas que pavimentan las calles de Barcelona. Tras un largo viaje desde las calles de Barcelona&#8230; hasta el mar de la ciudad que las transforma a su antojo, no hay dos piezas iguales. Son \u00daNICAS porque proceden del mar de Barcelona, donde [&hellip;]<\/p>\n","protected":false},"author":1,"featured_media":0,"parent":0,"menu_order":0,"comment_status":"closed","ping_status":"closed","template":"","meta":{"_acf_changed":false,"footnotes":""},"class_list":["post-1281","page","type-page","status-publish","hentry"],"acf":[],"yoast_head":"<!-- This site is optimized with the Yoast SEO plugin v27.3 - https:\/\/yoast.com\/product\/yoast-seo-wordpress\/ -->\n<title>Sobre m\u00ed - Mar bella Art<\/title>\n<meta name=\"robots\" content=\"noindex, follow, max-snippet:-1, max-image-preview:large, max-video-preview:-1\" \/>\n<meta property=\"og:locale\" content=\"es_ES\" \/>\n<meta property=\"og:type\" content=\"article\" \/>\n<meta property=\"og:title\" content=\"Sobre m\u00ed - Mar bella Art\" \/>\n<meta property=\"og:description\" content=\"Sobre m\u00ed El artista trabaja con piezas \u00fanicas llamadas \u00abPANOTS DE BARCELONA\u00bb, las baldosas que pavimentan las calles de Barcelona. Tras un largo viaje desde las calles de Barcelona&#8230; hasta el mar de la ciudad que las transforma a su antojo, no hay dos piezas iguales. Son \u00daNICAS porque proceden del mar de Barcelona, donde [&hellip;]\" \/>\n<meta property=\"og:url\" content=\"https:\/\/www.marbellaart.cat\/es\/sobre-mi\/\" \/>\n<meta property=\"og:site_name\" content=\"Mar bella Art\" \/>\n<meta property=\"article:modified_time\" content=\"2025-12-19T08:43:28+00:00\" \/>\n<meta property=\"og:image\" content=\"https:\/\/www.marbellaart.cat\/wp-content\/uploads\/2024\/11\/bg_hero-scaled.jpg\" \/>\n\t<meta property=\"og:image:width\" content=\"2560\" \/>\n\t<meta property=\"og:image:height\" content=\"1149\" \/>\n\t<meta property=\"og:image:type\" content=\"image\/jpeg\" \/>\n<meta name=\"twitter:card\" content=\"summary_large_image\" \/>\n<meta name=\"twitter:label1\" content=\"Tiempo de lectura\" \/>\n\t<meta name=\"twitter:data1\" content=\"2 minutos\" \/>\n<script type=\"application\/ld+json\" class=\"yoast-schema-graph\">{\"@context\":\"https:\\\/\\\/schema.org\",\"@graph\":[{\"@type\":\"WebPage\",\"@id\":\"https:\\\/\\\/www.marbellaart.cat\\\/es\\\/sobre-mi\\\/\",\"url\":\"https:\\\/\\\/www.marbellaart.cat\\\/es\\\/sobre-mi\\\/\",\"name\":\"Sobre m\u00ed - Mar bella Art\",\"isPartOf\":{\"@id\":\"https:\\\/\\\/www.marbellaart.cat\\\/#website\"},\"primaryImageOfPage\":{\"@id\":\"https:\\\/\\\/www.marbellaart.cat\\\/es\\\/sobre-mi\\\/#primaryimage\"},\"image\":{\"@id\":\"https:\\\/\\\/www.marbellaart.cat\\\/es\\\/sobre-mi\\\/#primaryimage\"},\"thumbnailUrl\":\"https:\\\/\\\/www.marbellaart.cat\\\/wp-content\\\/uploads\\\/2024\\\/11\\\/bg_hero-scaled.jpg\",\"datePublished\":\"2024-11-14T08:48:00+00:00\",\"dateModified\":\"2025-12-19T08:43:28+00:00\",\"breadcrumb\":{\"@id\":\"https:\\\/\\\/www.marbellaart.cat\\\/es\\\/sobre-mi\\\/#breadcrumb\"},\"inLanguage\":\"es\",\"potentialAction\":[{\"@type\":\"ReadAction\",\"target\":[\"https:\\\/\\\/www.marbellaart.cat\\\/es\\\/sobre-mi\\\/\"]}]},{\"@type\":\"ImageObject\",\"inLanguage\":\"es\",\"@id\":\"https:\\\/\\\/www.marbellaart.cat\\\/es\\\/sobre-mi\\\/#primaryimage\",\"url\":\"https:\\\/\\\/www.marbellaart.cat\\\/wp-content\\\/uploads\\\/2024\\\/11\\\/bg_hero-scaled.jpg\",\"contentUrl\":\"https:\\\/\\\/www.marbellaart.cat\\\/wp-content\\\/uploads\\\/2024\\\/11\\\/bg_hero-scaled.jpg\"},{\"@type\":\"BreadcrumbList\",\"@id\":\"https:\\\/\\\/www.marbellaart.cat\\\/es\\\/sobre-mi\\\/#breadcrumb\",\"itemListElement\":[{\"@type\":\"ListItem\",\"position\":1,\"name\":\"Portada\",\"item\":\"https:\\\/\\\/www.marbellaart.cat\\\/es\\\/\"},{\"@type\":\"ListItem\",\"position\":2,\"name\":\"Sobre m\u00ed\"}]},{\"@type\":\"WebSite\",\"@id\":\"https:\\\/\\\/www.marbellaart.cat\\\/#website\",\"url\":\"https:\\\/\\\/www.marbellaart.cat\\\/\",\"name\":\"Mar bella Art\",\"description\":\"Mar Bella Art works with unique pieces called \u201cPANOTS DE BARCELONA,\u201d the tiles that pave the streets of Barcelona.\",\"publisher\":{\"@id\":\"https:\\\/\\\/www.marbellaart.cat\\\/#organization\"},\"potentialAction\":[{\"@type\":\"SearchAction\",\"target\":{\"@type\":\"EntryPoint\",\"urlTemplate\":\"https:\\\/\\\/www.marbellaart.cat\\\/?s={search_term_string}\"},\"query-input\":{\"@type\":\"PropertyValueSpecification\",\"valueRequired\":true,\"valueName\":\"search_term_string\"}}],\"inLanguage\":\"es\"},{\"@type\":\"Organization\",\"@id\":\"https:\\\/\\\/www.marbellaart.cat\\\/#organization\",\"name\":\"Mar bella Art\",\"url\":\"https:\\\/\\\/www.marbellaart.cat\\\/\",\"logo\":{\"@type\":\"ImageObject\",\"inLanguage\":\"es\",\"@id\":\"https:\\\/\\\/www.marbellaart.cat\\\/#\\\/schema\\\/logo\\\/image\\\/\",\"url\":\"https:\\\/\\\/www.marbellaart.cat\\\/wp-content\\\/uploads\\\/2024\\\/11\\\/file_00000000e60471f4989719b9d708ec96.png\",\"contentUrl\":\"https:\\\/\\\/www.marbellaart.cat\\\/wp-content\\\/uploads\\\/2024\\\/11\\\/file_00000000e60471f4989719b9d708ec96.png\",\"width\":1536,\"height\":779,\"caption\":\"Mar bella Art\"},\"image\":{\"@id\":\"https:\\\/\\\/www.marbellaart.cat\\\/#\\\/schema\\\/logo\\\/image\\\/\"}}]}<\/script>\n<!-- \/ Yoast SEO plugin. -->","yoast_head_json":{"title":"Sobre m\u00ed - Mar bella Art","robots":{"index":"noindex","follow":"follow","max-snippet":"max-snippet:-1","max-image-preview":"max-image-preview:large","max-video-preview":"max-video-preview:-1"},"og_locale":"es_ES","og_type":"article","og_title":"Sobre m\u00ed - Mar bella Art","og_description":"Sobre m\u00ed El artista trabaja con piezas \u00fanicas llamadas \u00abPANOTS DE BARCELONA\u00bb, las baldosas que pavimentan las calles de Barcelona. Tras un largo viaje desde las calles de Barcelona&#8230; hasta el mar de la ciudad que las transforma a su antojo, no hay dos piezas iguales. Son \u00daNICAS porque proceden del mar de Barcelona, donde [&hellip;]","og_url":"https:\/\/www.marbellaart.cat\/es\/sobre-mi\/","og_site_name":"Mar bella Art","article_modified_time":"2025-12-19T08:43:28+00:00","og_image":[{"width":2560,"height":1149,"url":"https:\/\/www.marbellaart.cat\/wp-content\/uploads\/2024\/11\/bg_hero-scaled.jpg","type":"image\/jpeg"}],"twitter_card":"summary_large_image","twitter_misc":{"Tiempo de lectura":"2 minutos"},"schema":{"@context":"https:\/\/schema.org","@graph":[{"@type":"WebPage","@id":"https:\/\/www.marbellaart.cat\/es\/sobre-mi\/","url":"https:\/\/www.marbellaart.cat\/es\/sobre-mi\/","name":"Sobre m\u00ed - Mar bella Art","isPartOf":{"@id":"https:\/\/www.marbellaart.cat\/#website"},"primaryImageOfPage":{"@id":"https:\/\/www.marbellaart.cat\/es\/sobre-mi\/#primaryimage"},"image":{"@id":"https:\/\/www.marbellaart.cat\/es\/sobre-mi\/#primaryimage"},"thumbnailUrl":"https:\/\/www.marbellaart.cat\/wp-content\/uploads\/2024\/11\/bg_hero-scaled.jpg","datePublished":"2024-11-14T08:48:00+00:00","dateModified":"2025-12-19T08:43:28+00:00","breadcrumb":{"@id":"https:\/\/www.marbellaart.cat\/es\/sobre-mi\/#breadcrumb"},"inLanguage":"es","potentialAction":[{"@type":"ReadAction","target":["https:\/\/www.marbellaart.cat\/es\/sobre-mi\/"]}]},{"@type":"ImageObject","inLanguage":"es","@id":"https:\/\/www.marbellaart.cat\/es\/sobre-mi\/#primaryimage","url":"https:\/\/www.marbellaart.cat\/wp-content\/uploads\/2024\/11\/bg_hero-scaled.jpg","contentUrl":"https:\/\/www.marbellaart.cat\/wp-content\/uploads\/2024\/11\/bg_hero-scaled.jpg"},{"@type":"BreadcrumbList","@id":"https:\/\/www.marbellaart.cat\/es\/sobre-mi\/#breadcrumb","itemListElement":[{"@type":"ListItem","position":1,"name":"Portada","item":"https:\/\/www.marbellaart.cat\/es\/"},{"@type":"ListItem","position":2,"name":"Sobre m\u00ed"}]},{"@type":"WebSite","@id":"https:\/\/www.marbellaart.cat\/#website","url":"https:\/\/www.marbellaart.cat\/","name":"Mar bella Art","description":"Mar Bella Art works with unique pieces called \u201cPANOTS DE BARCELONA,\u201d the tiles that pave the streets of Barcelona.","publisher":{"@id":"https:\/\/www.marbellaart.cat\/#organization"},"potentialAction":[{"@type":"SearchAction","target":{"@type":"EntryPoint","urlTemplate":"https:\/\/www.marbellaart.cat\/?s={search_term_string}"},"query-input":{"@type":"PropertyValueSpecification","valueRequired":true,"valueName":"search_term_string"}}],"inLanguage":"es"},{"@type":"Organization","@id":"https:\/\/www.marbellaart.cat\/#organization","name":"Mar bella Art","url":"https:\/\/www.marbellaart.cat\/","logo":{"@type":"ImageObject","inLanguage":"es","@id":"https:\/\/www.marbellaart.cat\/#\/schema\/logo\/image\/","url":"https:\/\/www.marbellaart.cat\/wp-content\/uploads\/2024\/11\/file_00000000e60471f4989719b9d708ec96.png","contentUrl":"https:\/\/www.marbellaart.cat\/wp-content\/uploads\/2024\/11\/file_00000000e60471f4989719b9d708ec96.png","width":1536,"height":779,"caption":"Mar bella Art"},"image":{"@id":"https:\/\/www.marbellaart.cat\/#\/schema\/logo\/image\/"}}]}},"_links":{"self":[{"href":"https:\/\/www.marbellaart.cat\/es\/wp-json\/wp\/v2\/pages\/1281","targetHints":{"allow":["GET"]}}],"collection":[{"href":"https:\/\/www.marbellaart.cat\/es\/wp-json\/wp\/v2\/pages"}],"about":[{"href":"https:\/\/www.marbellaart.cat\/es\/wp-json\/wp\/v2\/types\/page"}],"author":[{"embeddable":true,"href":"https:\/\/www.marbellaart.cat\/es\/wp-json\/wp\/v2\/users\/1"}],"replies":[{"embeddable":true,"href":"https:\/\/www.marbellaart.cat\/es\/wp-json\/wp\/v2\/comments?post=1281"}],"version-history":[{"count":52,"href":"https:\/\/www.marbellaart.cat\/es\/wp-json\/wp\/v2\/pages\/1281\/revisions"}],"predecessor-version":[{"id":1948,"href":"https:\/\/www.marbellaart.cat\/es\/wp-json\/wp\/v2\/pages\/1281\/revisions\/1948"}],"wp:attachment":[{"href":"https:\/\/www.marbellaart.cat\/es\/wp-json\/wp\/v2\/media?parent=1281"}],"curies":[{"name":"wp","href":"https:\/\/api.w.org\/{rel}","templated":true}]}}